{"id":3402,"date":"2024-03-01T11:53:40","date_gmt":"2024-03-01T09:53:40","guid":{"rendered":"https:\/\/www.jakabantal.ro\/?page_id=3402"},"modified":"2024-03-01T12:48:40","modified_gmt":"2024-03-01T10:48:40","slug":"vedett-egyseg","status":"publish","type":"page","link":"https:\/\/www.jakabantal.ro\/?page_id=3402","title":{"rendered":"V\u00e9dett egys\u00e9g"},"content":{"rendered":"\t\t<div data-elementor-type=\"wp-page\" data-elementor-id=\"3402\" class=\"elementor elementor-3402\">\n\t\t\t\t\t\t<section class=\"elementor-section elementor-top-section elementor-element elementor-element-7d941e8 elementor-section-boxed elementor-section-height-default elementor-section-height-default\" data-id=\"7d941e8\" data-element_type=\"section\">\n\t\t\t\t\t\t<div class=\"elementor-container elementor-column-gap-default\">\n\t\t\t\t\t<div class=\"elementor-column elementor-col-100 elementor-top-column elementor-element elementor-element-cd665a5\" data-id=\"cd665a5\" data-element_type=\"column\">\n\t\t\t<div class=\"elementor-widget-wrap elementor-element-populated\">\n\t\t\t\t\t\t<div class=\"elementor-element elementor-element-b8153fa elementor-widget elementor-widget-heading\" data-id=\"b8153fa\" data-element_type=\"widget\" data-widget_type=\"heading.default\">\n\t\t\t\t<div class=\"elementor-widget-container\">\n\t\t\t\t\t<h2 class=\"elementor-heading-title elementor-size-default\">V\u00e9dett egys\u00e9g<\/h2>\t\t\t\t<\/div>\n\t\t\t\t<\/div>\n\t\t\t\t\t<\/div>\n\t\t<\/div>\n\t\t\t\t\t<\/div>\n\t\t<\/section>\n\t\t\t\t<section class=\"elementor-section elementor-top-section elementor-element elementor-element-818804e elementor-section-full_width elementor-section-height-default elementor-section-height-default\" data-id=\"818804e\" data-element_type=\"section\" data-settings=\"{&quot;background_background&quot;:&quot;classic&quot;}\">\n\t\t\t\t\t\t<div class=\"elementor-container elementor-column-gap-default\">\n\t\t\t\t\t<div class=\"elementor-column elementor-col-100 elementor-top-column elementor-element elementor-element-aaebb6d\" data-id=\"aaebb6d\" data-element_type=\"column\" data-settings=\"{&quot;background_background&quot;:&quot;classic&quot;}\">\n\t\t\t<div class=\"elementor-widget-wrap elementor-element-populated\">\n\t\t\t\t\t\t<div class=\"elementor-element elementor-element-4e22d43 elementor-widget elementor-widget-heading\" data-id=\"4e22d43\" data-element_type=\"widget\" data-widget_type=\"heading.default\">\n\t\t\t\t<div class=\"elementor-widget-container\">\n\t\t\t\t\t<h2 class=\"elementor-heading-title elementor-size-default\">V\u00e9dett egys\u00e9g min\u0151s\u00edt\u00e9st kapott a Jakab Antal H\u00e1z.<\/h2>\t\t\t\t<\/div>\n\t\t\t\t<\/div>\n\t\t\t\t\t<\/div>\n\t\t<\/div>\n\t\t\t\t\t<\/div>\n\t\t<\/section>\n\t\t\t\t<section class=\"elementor-section elementor-top-section elementor-element elementor-element-b3ae3a8 elementor-section-boxed elementor-section-height-default elementor-section-height-default\" data-id=\"b3ae3a8\" data-element_type=\"section\">\n\t\t\t\t\t\t<div class=\"elementor-container elementor-column-gap-default\">\n\t\t\t\t\t<div class=\"elementor-column elementor-col-100 elementor-top-column elementor-element elementor-element-fabf7d9\" data-id=\"fabf7d9\" data-element_type=\"column\">\n\t\t\t<div class=\"elementor-widget-wrap elementor-element-populated\">\n\t\t\t\t\t\t<div class=\"elementor-element elementor-element-419e263 elementor-widget elementor-widget-text-editor\" data-id=\"419e263\" data-element_type=\"widget\" data-widget_type=\"text-editor.default\">\n\t\t\t\t<div class=\"elementor-widget-container\">\n\t\t\t\t\t\t\t\t\t<p style=\"color: #e95307;\">J\u00f3 h\u00edr a legal\u00e1bb \u00f6tven szem\u00e9lyt foglalkoztat\u00f3 int\u00e9zm\u00e9nyeknek, v\u00e1llalkoz\u00e1soknak:<p style>ha nem tudnak fogyat\u00e9kkal \u00e9l\u0151ket alkalmazni, akkor sem musz\u00e1j a minim\u00e1lb\u00e9r\u00fck \u00f6sszeg\u00e9t az \u00e1llamnak utalni. Lev\u00e1s\u00e1rolhatj\u00e1k, szolg\u00e1ltat\u00e1sokra v\u00e1lthatj\u00e1k azt a v\u00e9dett egys\u00e9gekn\u00e9l, melyek k\u00f6z\u00e9 tartozik imm\u00e1r a cs\u00edksomly\u00f3i Jakab Antal H\u00e1z is.<\/p>\nA v\u00e9dett egys\u00e9g min\u0151s\u00edt\u00e9s elismeri \u00e9s el\u0151seg\u00edti a fogyat\u00e9kkal \u00e9l\u0151 szem\u00e9lyek jogait. Ezen elv alapj\u00e1n a\nGyulafeh\u00e9rv\u00e1ri Caritas \u00e1ltal m\u0171k\u00f6dtetett Jakab Antal H\u00e1z t\u00f6bb fogyat\u00e9kkal \u00e9l\u0151 szem\u00e9lyt vont be az\negys\u00e9g m\u0171k\u00f6d\u00e9s\u00e9be \u00e9s ad sz\u00e1mukra lehet\u0151s\u00e9get a munkav\u00e1llal\u00e1sra, \u00edgy kapta meg a v\u00e9dett egys\u00e9g\nmin\u0151s\u00edt\u00e9st.\nEgy 2006-ban elfogadott t\u00f6rv\u00e9ny \u00e9rtelm\u00e9ben (448-as t\u00f6rv\u00e9ny, 78-as cikkelye) azon k\u00f6zint\u00e9zm\u00e9nyekben\n\u00e9s v\u00e1llalkoz\u00e1sokn\u00e1l, amelyek t\u00f6bb mint 50 szem\u00e9lyt dolgoztatnak, az alkalmazottak n\u00e9gy sz\u00e1zal\u00e9ka\nfogyat\u00e9kkal \u00e9l\u0151 kell legyen. Amennyiben nincs lehet\u0151s\u00e9g fogyat\u00e9kkal \u00e9l\u0151k alkalmaz\u00e1s\u00e1ra, minim\u00e1lb\u00e9r\u00fck\n\u00f6sszeg\u00e9t havonta be kell fizetni az \u00e1llamnak.\u00a0 A t\u00f6rv\u00e9ny megadja azt a lehet\u0151s\u00e9get is az\nint\u00e9zm\u00e9nyeknek, v\u00e1llalkoz\u00e1soknak, hogy amennyiben nem \u00e1ll m\u00f3djukban alkalmazni h\u00e1tr\u00e1nyos\nhelyzet\u0171 szem\u00e9lyeket, minim\u00e1lb\u00e9r\u00fck \u00f6sszeg\u00e9t nem musz\u00e1j az \u00e1llamnak utalni, hanem lev\u00e1s\u00e1rolhatj\u00e1k\nolyan egys\u00e9gn\u00e9l, amely rendelkezik a v\u00e9dett min\u0151s\u00edt\u00e9ssel, ez\u00e1ltal seg\u00edtve annak m\u0171k\u00f6d\u00e9s\u00e9t.\nMint v\u00e9dett egys\u00e9g a Jakab Antal h\u00e1z lehet\u0151s\u00e9get ny\u00fajt a legal\u00e1bb 50 szem\u00e9lyt foglalkoztat\u00f3\nv\u00e1llalkoz\u00e1soknak \u00e9s k\u00f6zint\u00e9zm\u00e9nyeknek, hogy \u00e9ljenek a t\u00f6rv\u00e9ny adta jogaikkal, \u00e9s a fenn\u00e1ll\u00f3 \u00f6sszeget\nhaszn\u00e1lj\u00e1k fel \u00e9ttermi vagy catering-szolg\u00e1ltat\u00e1sra, esem\u00e9nyek, rendezv\u00e9nyek szervez\u00e9s\u00e9re a Jakab\nAntal H\u00e1zban.\n\t\t\t\t\t\t\t\t<\/div>\n\t\t\t\t<\/div>\n\t\t\t\t\t<\/div>\n\t\t<\/div>\n\t\t\t\t\t<\/div>\n\t\t<\/section>\n\t\t\t\t<section class=\"elementor-section elementor-top-section elementor-element elementor-element-2cc96f3 elementor-section-boxed elementor-section-height-default elementor-section-height-default\" data-id=\"2cc96f3\" data-element_type=\"section\">\n\t\t\t\t\t\t<div class=\"elementor-container elementor-column-gap-default\">\n\t\t\t\t\t<div class=\"elementor-column elementor-col-100 elementor-top-column elementor-element elementor-element-9feac0d\" data-id=\"9feac0d\" data-element_type=\"column\">\n\t\t\t<div class=\"elementor-widget-wrap elementor-element-populated\">\n\t\t\t\t\t\t<div class=\"elementor-element elementor-element-2c572f7 elementor-align-center elementor-widget elementor-widget-button\" data-id=\"2c572f7\" data-element_type=\"widget\" data-widget_type=\"button.default\">\n\t\t\t\t<div class=\"elementor-widget-container\">\n\t\t\t\t\t\t\t\t\t<div class=\"elementor-button-wrapper\">\n\t\t\t\t\t<a class=\"elementor-button elementor-button-link elementor-size-sm elementor-animation-bounce-in\" href=\"https:\/\/www.jakabantal.ro\/wp-content\/uploads\/vedett_egyseg_pdf.pdf\" target=\"_blank\">\n\t\t\t\t\t\t<span class=\"elementor-button-content-wrapper\">\n\t\t\t\t\t\t\t\t\t<span class=\"elementor-button-text\">Dokumentum megtekint\u00e9se PDF form\u00e1tumban<\/span>\n\t\t\t\t\t<\/span>\n\t\t\t\t\t<\/a>\n\t\t\t\t<\/div>\n\t\t\t\t\t\t\t\t<\/div>\n\t\t\t\t<\/div>\n\t\t\t\t\t<\/div>\n\t\t<\/div>\n\t\t\t\t\t<\/div>\n\t\t<\/section>\n\t\t\t\t<section class=\"elementor-section elementor-top-section elementor-element elementor-element-15159c9 elementor-section-boxed elementor-section-height-default elementor-section-height-default\" data-id=\"15159c9\" data-element_type=\"section\">\n\t\t\t\t\t\t<div class=\"elementor-container elementor-column-gap-default\">\n\t\t\t\t\t<div class=\"elementor-column elementor-col-50 elementor-top-column elementor-element elementor-element-d4a7764\" data-id=\"d4a7764\" data-element_type=\"column\">\n\t\t\t<div class=\"elementor-widget-wrap elementor-element-populated\">\n\t\t\t\t\t\t<div class=\"elementor-element elementor-element-13d331a elementor-widget elementor-widget-image\" data-id=\"13d331a\" data-element_type=\"widget\" data-widget_type=\"image.default\">\n\t\t\t\t<div class=\"elementor-widget-container\">\n\t\t\t\t\t\t\t\t\t\t\t\t\t\t\t<img fetchpriority=\"high\" decoding=\"async\" width=\"1024\" height=\"743\" src=\"https:\/\/www.jakabantal.ro\/wp-content\/uploads\/vedett_egyseg_foto001-1.jpg\" class=\"attachment-large size-large wp-image-3449\" alt=\"\" \/>\t\t\t\t\t\t\t\t\t\t\t\t\t\t\t<\/div>\n\t\t\t\t<\/div>\n\t\t\t\t\t<\/div>\n\t\t<\/div>\n\t\t\t\t<div class=\"elementor-column elementor-col-50 elementor-top-column elementor-element elementor-element-4667288\" data-id=\"4667288\" data-element_type=\"column\">\n\t\t\t<div class=\"elementor-widget-wrap elementor-element-populated\">\n\t\t\t\t\t\t<div class=\"elementor-element elementor-element-4fbbff1 elementor-widget elementor-widget-image\" data-id=\"4fbbff1\" data-element_type=\"widget\" data-widget_type=\"image.default\">\n\t\t\t\t<div class=\"elementor-widget-container\">\n\t\t\t\t\t\t\t\t\t\t\t\t\t\t\t<img decoding=\"async\" width=\"1024\" height=\"743\" src=\"https:\/\/www.jakabantal.ro\/wp-content\/uploads\/vedett_egyseg_foto002.jpg\" class=\"attachment-large size-large wp-image-3440\" alt=\"\" \/>\t\t\t\t\t\t\t\t\t\t\t\t\t\t\t<\/div>\n\t\t\t\t<\/div>\n\t\t\t\t\t<\/div>\n\t\t<\/div>\n\t\t\t\t\t<\/div>\n\t\t<\/section>\n\t\t\t\t<section class=\"elementor-section elementor-top-section elementor-element elementor-element-e2a475a elementor-section-boxed elementor-section-height-default elementor-section-height-default\" data-id=\"e2a475a\" data-element_type=\"section\" data-settings=\"{&quot;background_background&quot;:&quot;classic&quot;}\">\n\t\t\t\t\t\t<div class=\"elementor-container elementor-column-gap-default\">\n\t\t\t\t\t<div class=\"elementor-column elementor-col-100 elementor-top-column elementor-element elementor-element-a4cd511\" data-id=\"a4cd511\" data-element_type=\"column\">\n\t\t\t<div class=\"elementor-widget-wrap elementor-element-populated\">\n\t\t\t\t\t\t<div class=\"elementor-element elementor-element-f802fe0 elementor-widget elementor-widget-heading\" data-id=\"f802fe0\" data-element_type=\"widget\" data-widget_type=\"heading.default\">\n\t\t\t\t<div class=\"elementor-widget-container\">\n\t\t\t\t\t<h2 class=\"elementor-heading-title elementor-size-default\">\u00c9ttermi, catering-szolg\u00e1ltat\u00e1sok a k\u00f6vetkez\u0151k lehetnek:<\/h2>\t\t\t\t<\/div>\n\t\t\t\t<\/div>\n\t\t\t\t<div class=\"elementor-element elementor-element-6ea09fe elementor-icon-list--layout-traditional elementor-list-item-link-full_width elementor-widget elementor-widget-icon-list\" data-id=\"6ea09fe\" data-element_type=\"widget\" data-widget_type=\"icon-list.default\">\n\t\t\t\t<div class=\"elementor-widget-container\">\n\t\t\t\t\t\t\t<ul class=\"elementor-icon-list-items\">\n\t\t\t\t\t\t\t<li class=\"elementor-icon-list-item\">\n\t\t\t\t\t\t\t\t\t\t\t<span class=\"elementor-icon-list-icon\">\n\t\t\t\t\t\t\t<i aria-hidden=\"true\" class=\"fas fa-check\"><\/i>\t\t\t\t\t\t<\/span>\n\t\t\t\t\t\t\t\t\t\t<span class=\"elementor-icon-list-text\">hidegt\u00e1lak illetve meleg \u00e9telek elk\u00e9sz\u00edt\u00e9se \u00e9s felszolg\u00e1l\u00e1sa;<\/span>\n\t\t\t\t\t\t\t\t\t<\/li>\n\t\t\t\t\t\t\t\t<li class=\"elementor-icon-list-item\">\n\t\t\t\t\t\t\t\t\t\t\t<span class=\"elementor-icon-list-icon\">\n\t\t\t\t\t\t\t<i aria-hidden=\"true\" class=\"fas fa-check\"><\/i>\t\t\t\t\t\t<\/span>\n\t\t\t\t\t\t\t\t\t\t<span class=\"elementor-icon-list-text\">sv\u00e9dasztalos felszolg\u00e1l\u00e1s;<\/span>\n\t\t\t\t\t\t\t\t\t<\/li>\n\t\t\t\t\t\t\t\t<li class=\"elementor-icon-list-item\">\n\t\t\t\t\t\t\t\t\t\t\t<span class=\"elementor-icon-list-icon\">\n\t\t\t\t\t\t\t<i aria-hidden=\"true\" class=\"fas fa-check\"><\/i>\t\t\t\t\t\t<\/span>\n\t\t\t\t\t\t\t\t\t\t<span class=\"elementor-icon-list-text\">alkoholmentes italok felszolg\u00e1l\u00e1sa (k\u00e1v\u00e9, tea, v\u00edz, \u00fcd\u00edt\u0151 stb);<\/span>\n\t\t\t\t\t\t\t\t\t<\/li>\n\t\t\t\t\t\t\t\t<li class=\"elementor-icon-list-item\">\n\t\t\t\t\t\t\t\t\t\t\t<span class=\"elementor-icon-list-icon\">\n\t\t\t\t\t\t\t<i aria-hidden=\"true\" class=\"fas fa-check\"><\/i>\t\t\t\t\t\t<\/span>\n\t\t\t\t\t\t\t\t\t\t<span class=\"elementor-icon-list-text\">alkoholos italok felszolg\u00e1l\u00e1sa;<\/span>\n\t\t\t\t\t\t\t\t\t<\/li>\n\t\t\t\t\t\t\t\t<li class=\"elementor-icon-list-item\">\n\t\t\t\t\t\t\t\t\t\t\t<span class=\"elementor-icon-list-icon\">\n\t\t\t\t\t\t\t<i aria-hidden=\"true\" class=\"fas fa-check\"><\/i>\t\t\t\t\t\t<\/span>\n\t\t\t\t\t\t\t\t\t\t<span class=\"elementor-icon-list-text\">meleg \u00e9tel felszolg\u00e1l\u00e1sa h\u00e1tr\u00e1nyos helyzet\u0171ek, m\u00e9lyszeg\u00e9nys\u00e9gben \u00e9l\u0151k, hajl\u00e9ktalanok megseg\u00edt\u00e9s\u00e9re.<\/span>\n\t\t\t\t\t\t\t\t\t<\/li>\n\t\t\t\t\t\t<\/ul>\n\t\t\t\t\t\t<\/div>\n\t\t\t\t<\/div>\n\t\t\t\t\t<\/div>\n\t\t<\/div>\n\t\t\t\t\t<\/div>\n\t\t<\/section>\n\t\t\t\t<section class=\"elementor-section elementor-top-section elementor-element elementor-element-c4c546d elementor-section-boxed elementor-section-height-default elementor-section-height-default\" data-id=\"c4c546d\" data-element_type=\"section\" data-settings=\"{&quot;background_background&quot;:&quot;classic&quot;}\">\n\t\t\t\t\t\t<div class=\"elementor-container elementor-column-gap-default\">\n\t\t\t\t\t<div class=\"elementor-column elementor-col-100 elementor-top-column elementor-element elementor-element-7af0dab\" data-id=\"7af0dab\" data-element_type=\"column\">\n\t\t\t<div class=\"elementor-widget-wrap elementor-element-populated\">\n\t\t\t\t\t\t<div class=\"elementor-element elementor-element-df038ec elementor-widget elementor-widget-heading\" data-id=\"df038ec\" data-element_type=\"widget\" data-widget_type=\"heading.default\">\n\t\t\t\t<div class=\"elementor-widget-container\">\n\t\t\t\t\t<h2 class=\"elementor-heading-title elementor-size-default\">Esem\u00e9nyek, rendezv\u00e9nyek szervez\u00e9se, amelyek tartalmazz\u00e1k a fent eml\u00edtett tev\u00e9kenys\u00e9gek egyik\u00e9t:<\/h2>\t\t\t\t<\/div>\n\t\t\t\t<\/div>\n\t\t\t\t<div class=\"elementor-element elementor-element-d9d98ef elementor-icon-list--layout-traditional elementor-list-item-link-full_width elementor-widget elementor-widget-icon-list\" data-id=\"d9d98ef\" data-element_type=\"widget\" data-widget_type=\"icon-list.default\">\n\t\t\t\t<div class=\"elementor-widget-container\">\n\t\t\t\t\t\t\t<ul class=\"elementor-icon-list-items\">\n\t\t\t\t\t\t\t<li class=\"elementor-icon-list-item\">\n\t\t\t\t\t\t\t\t\t\t\t<span class=\"elementor-icon-list-icon\">\n\t\t\t\t\t\t\t<i aria-hidden=\"true\" class=\"fas fa-check\"><\/i>\t\t\t\t\t\t<\/span>\n\t\t\t\t\t\t\t\t\t\t<span class=\"elementor-icon-list-text\">szemin\u00e1riumok;<\/span>\n\t\t\t\t\t\t\t\t\t<\/li>\n\t\t\t\t\t\t\t\t<li class=\"elementor-icon-list-item\">\n\t\t\t\t\t\t\t\t\t\t\t<span class=\"elementor-icon-list-icon\">\n\t\t\t\t\t\t\t<i aria-hidden=\"true\" class=\"fas fa-check\"><\/i>\t\t\t\t\t\t<\/span>\n\t\t\t\t\t\t\t\t\t\t<span class=\"elementor-icon-list-text\">kurzusok, konferenci\u00e1k;<\/span>\n\t\t\t\t\t\t\t\t\t<\/li>\n\t\t\t\t\t\t\t\t<li class=\"elementor-icon-list-item\">\n\t\t\t\t\t\t\t\t\t\t\t<span class=\"elementor-icon-list-icon\">\n\t\t\t\t\t\t\t<i aria-hidden=\"true\" class=\"fas fa-check\"><\/i>\t\t\t\t\t\t<\/span>\n\t\t\t\t\t\t\t\t\t\t<span class=\"elementor-icon-list-text\">sajt\u00f3t\u00e1j\u00e9koztat\u00f3k;<\/span>\n\t\t\t\t\t\t\t\t\t<\/li>\n\t\t\t\t\t\t\t\t<li class=\"elementor-icon-list-item\">\n\t\t\t\t\t\t\t\t\t\t\t<span class=\"elementor-icon-list-icon\">\n\t\t\t\t\t\t\t<i aria-hidden=\"true\" class=\"fas fa-check\"><\/i>\t\t\t\t\t\t<\/span>\n\t\t\t\t\t\t\t\t\t\t<span class=\"elementor-icon-list-text\">workshop;<\/span>\n\t\t\t\t\t\t\t\t\t<\/li>\n\t\t\t\t\t\t\t\t<li class=\"elementor-icon-list-item\">\n\t\t\t\t\t\t\t\t\t\t\t<span class=\"elementor-icon-list-icon\">\n\t\t\t\t\t\t\t<i aria-hidden=\"true\" class=\"fas fa-check\"><\/i>\t\t\t\t\t\t<\/span>\n\t\t\t\t\t\t\t\t\t\t<span class=\"elementor-icon-list-text\">\u00fcnnepi esem\u00e9nyek;<\/span>\n\t\t\t\t\t\t\t\t\t<\/li>\n\t\t\t\t\t\t\t\t<li class=\"elementor-icon-list-item\">\n\t\t\t\t\t\t\t\t\t\t\t<span class=\"elementor-icon-list-icon\">\n\t\t\t\t\t\t\t<i aria-hidden=\"true\" class=\"fas fa-check\"><\/i>\t\t\t\t\t\t<\/span>\n\t\t\t\t\t\t\t\t\t\t<span class=\"elementor-icon-list-text\">gy\u0171l\u00e9sek;<\/span>\n\t\t\t\t\t\t\t\t\t<\/li>\n\t\t\t\t\t\t\t\t<li class=\"elementor-icon-list-item\">\n\t\t\t\t\t\t\t\t\t\t\t<span class=\"elementor-icon-list-icon\">\n\t\t\t\t\t\t\t<i aria-hidden=\"true\" class=\"fas fa-check\"><\/i>\t\t\t\t\t\t<\/span>\n\t\t\t\t\t\t\t\t\t\t<span class=\"elementor-icon-list-text\">b\u00e1rmilyen m\u00e1s esem\u00e9nyek, amelyek tartalmaznak \u00e9ttermi szolg\u00e1ltat\u00e1st.<\/span>\n\t\t\t\t\t\t\t\t\t<\/li>\n\t\t\t\t\t\t<\/ul>\n\t\t\t\t\t\t<\/div>\n\t\t\t\t<\/div>\n\t\t\t\t\t<\/div>\n\t\t<\/div>\n\t\t\t\t\t<\/div>\n\t\t<\/section>\n\t\t\t\t<\/div>\n\t\t","protected":false},"excerpt":{"rendered":"<p>V\u00e9dett egys\u00e9g V\u00e9dett egys\u00e9g min\u0151s\u00edt\u00e9st kapott a Jakab Antal H\u00e1z. J\u00f3 h\u00edr a legal\u00e1bb \u00f6tven szem\u00e9lyt foglalkoztat\u00f3 int\u00e9zm\u00e9nyeknek, v\u00e1llalkoz\u00e1soknak: ha nem tudnak fogyat\u00e9kkal \u00e9l\u0151ket alkalmazni, akkor sem musz\u00e1j a minim\u00e1lb\u00e9r\u00fck \u00f6sszeg\u00e9t az \u00e1llamnak utalni. Lev\u00e1s\u00e1rolhatj\u00e1k, szolg\u00e1ltat\u00e1sokra v\u00e1lthatj\u00e1k azt a v\u00e9dett egys\u00e9gekn\u00e9l, melyek k\u00f6z\u00e9 tartozik imm\u00e1r a cs\u00edksomly\u00f3i Jakab Antal H\u00e1z is. A v\u00e9dett egys\u00e9g min\u0151s\u00edt\u00e9s [&hellip;]<\/p>\n","protected":false},"author":1,"featured_media":0,"parent":0,"menu_order":0,"comment_status":"closed","ping_status":"closed","template":"","meta":{"site-sidebar-layout":"no-sidebar","site-content-layout":"page-builder","ast-site-content-layout":"","site-content-style":"default","site-sidebar-style":"default","ast-global-header-display":"","ast-banner-title-visibility":"","ast-main-header-display":"","ast-hfb-above-header-display":"","ast-hfb-below-header-display":"","ast-hfb-mobile-header-display":"","site-post-title":"disabled","ast-breadcrumbs-content":"","ast-featured-img":"disabled","footer-sml-layout":"","theme-transparent-header-meta":"","adv-header-id-meta":"","stick-header-meta":"","header-above-stick-meta":"","header-main-stick-meta":"","header-below-stick-meta":"","astra-migrate-meta-layouts":"default","ast-page-background-enabled":"default","ast-page-background-meta":{"desktop":{"background-color":"var(--ast-global-color-4)","background-image":"","background-repeat":"repeat","background-position":"center center","background-size":"auto","background-attachment":"scroll","background-type":"","background-media":"","overlay-type":"","overlay-color":"","overlay-gradient":""},"tablet":{"background-color":"","background-image":"","background-repeat":"repeat","background-position":"center center","background-size":"auto","background-attachment":"scroll","background-type":"","background-media":"","overlay-type":"","overlay-color":"","overlay-gradient":""},"mobile":{"background-color":"","background-image":"","background-repeat":"repeat","background-position":"center center","background-size":"auto","background-attachment":"scroll","background-type":"","background-media":"","overlay-type":"","overlay-color":"","overlay-gradient":""}},"ast-content-background-meta":{"desktop":{"background-color":"var(--ast-global-color-5)","background-image":"","background-repeat":"repeat","background-position":"center center","background-size":"auto","background-attachment":"scroll","background-type":"","background-media":"","overlay-type":"","overlay-color":"","overlay-gradient":""},"tablet":{"background-color":"var(--ast-global-color-5)","background-image":"","background-repeat":"repeat","background-position":"center center","background-size":"auto","background-attachment":"scroll","background-type":"","background-media":"","overlay-type":"","overlay-color":"","overlay-gradient":""},"mobile":{"background-color":"var(--ast-global-color-5)","background-image":"","background-repeat":"repeat","background-position":"center center","background-size":"auto","background-attachment":"scroll","background-type":"","background-media":"","overlay-type":"","overlay-color":"","overlay-gradient":""}},"footnotes":""},"class_list":["post-3402","page","type-page","status-publish","hentry"],"_links":{"self":[{"href":"https:\/\/www.jakabantal.ro\/index.php?rest_route=\/wp\/v2\/pages\/3402","targetHints":{"allow":["GET"]}}],"collection":[{"href":"https:\/\/www.jakabantal.ro\/index.php?rest_route=\/wp\/v2\/pages"}],"about":[{"href":"https:\/\/www.jakabantal.ro\/index.php?rest_route=\/wp\/v2\/types\/page"}],"author":[{"embeddable":true,"href":"https:\/\/www.jakabantal.ro\/index.php?rest_route=\/wp\/v2\/users\/1"}],"replies":[{"embeddable":true,"href":"https:\/\/www.jakabantal.ro\/index.php?rest_route=%2Fwp%2Fv2%2Fcomments&post=3402"}],"version-history":[{"count":55,"href":"https:\/\/www.jakabantal.ro\/index.php?rest_route=\/wp\/v2\/pages\/3402\/revisions"}],"predecessor-version":[{"id":3468,"href":"https:\/\/www.jakabantal.ro\/index.php?rest_route=\/wp\/v2\/pages\/3402\/revisions\/3468"}],"wp:attachment":[{"href":"https:\/\/www.jakabantal.ro\/index.php?rest_route=%2Fwp%2Fv2%2Fmedia&parent=3402"}],"curies":[{"name":"wp","href":"https:\/\/api.w.org\/{rel}","templated":true}]}}